{"id":36,"date":"2018-04-09T10:44:04","date_gmt":"2018-04-09T08:44:04","guid":{"rendered":"https:\/\/pizzaioli.bw-media.gmbh\/?page_id=36"},"modified":"2018-05-14T13:24:31","modified_gmt":"2018-05-14T11:24:31","slug":"impressum","status":"publish","type":"page","link":"https:\/\/pizzaioli.de\/?page_id=36","title":{"rendered":"Impressum"},"content":{"rendered":"<article>\n<h1>Impressum<\/h1>\n<h1><img loading=\"lazy\" decoding=\"async\" src=\"https:\/\/pizzaioli.bw-media.gmbh\/wp-content\/uploads\/2018\/04\/Anh\u00e4nger_1R-300x240.jpg\" alt=\"\" width=\"300\" height=\"240\" \/><\/h1>\n<h1><\/h1>\n<p>Wir freuen uns \u00fcber Ihren Besuch auf unserer Web-Site.<br \/>\nWir m\u00f6chten, dass Sie sich beim Besuch unserer Internetseiten wohlf\u00fchlen.<\/p>\n<h3>Pizzaioli<\/h3>\n<p><em>Inh. Nino Lo Giudice<\/em><\/p>\n<p>Tholeyerstrasse 24<br \/>\n66646 Marpingen-Alsweiler<\/p>\n<p>Telefon:\u00a0<strong>06853 \/ 91 44 099<\/strong><br \/>\nE-Mail: <a href=\"mailto:info@pizzaioli.de\">info@pizzaioli.de<\/a><br \/>\nInternet: <a href=\"http:\/\/www.pizzaioli.de\/\" target=\"_blank\" rel=\"noopener\">www.pizzaioli.de<\/a><\/p>\n<p>Vertretungsberechtigte Gesch\u00e4ftsf\u00fchrer:\u00a0Nino Lo Giudice<\/p>\n<p>Haftungshinweis: Trotz sorgf\u00e4ltiger inhaltlicher Kontrolle \u00fcbernehmen wir keine Haftung f\u00fcr die Inhalte externer Links. F\u00fcr den Inhalt der verlinkten Seiten sind ausschlie\u00dflich deren Betreiber verantwortlich.<\/p>\n<p>Erstellung und Programmierung<\/p>\n<p>Gestaltung, Design und Programmierung:<br \/>\nBW-Media GmbH<br \/>\nSchlo\u00dfstra\u00dfe 10<br \/>\n66564 Ottweiler<\/p>\n<p>Telefon: (+49)6824 \/ 20 44 510<br \/>\nTelefax: (+49)6824 \/ 20 44 509<br \/>\nE-Mail: <a href=\"mailto:info@bw-media.tv\">info@bw-media.tv<\/a><\/p>\n<p>Nachdruck und Weiterverbreitung, auch auszugsweise, nur mit Genehmigung.<\/p>\n<\/article>\n","protected":false},"excerpt":{"rendered":"<p>Impressum Wir freuen uns \u00fcber Ihren Besuch auf unserer Web-Site. Wir m\u00f6chten, dass Sie sich beim Besuch unserer Internetseiten wohlf\u00fchlen. Pizzaioli Inh. Nino Lo Giudice Tholeyerstrasse 24 66646 Marpingen-Alsweiler Telefon:\u00a006853 \/ 91 44 099 E-Mail: info@pizzaioli.de Internet: www.pizzaioli.de Vertretungsberechtigte Gesch\u00e4ftsf\u00fchrer:\u00a0Nino Lo Giudice Haftungshinweis: Trotz sorgf\u00e4ltiger inhaltlicher Kontrolle \u00fcbernehmen wir keine Haftung f\u00fcr die Inhalte externer&hellip;<\/p>\n","protected":false},"author":2,"featured_media":0,"parent":0,"menu_order":0,"comment_status":"closed","ping_status":"closed","template":"","meta":{"footnotes":""},"class_list":["post-36","page","type-page","status-publish","hentry"],"_links":{"self":[{"href":"https:\/\/pizzaioli.de\/index.php?rest_route=\/wp\/v2\/pages\/36"}],"collection":[{"href":"https:\/\/pizzaioli.de\/index.php?rest_route=\/wp\/v2\/pages"}],"about":[{"href":"https:\/\/pizzaioli.de\/index.php?rest_route=\/wp\/v2\/types\/page"}],"author":[{"embeddable":true,"href":"https:\/\/pizzaioli.de\/index.php?rest_route=\/wp\/v2\/users\/2"}],"replies":[{"embeddable":true,"href":"https:\/\/pizzaioli.de\/index.php?rest_route=%2Fwp%2Fv2%2Fcomments&post=36"}],"version-history":[{"count":2,"href":"https:\/\/pizzaioli.de\/index.php?rest_route=\/wp\/v2\/pages\/36\/revisions"}],"predecessor-version":[{"id":116,"href":"https:\/\/pizzaioli.de\/index.php?rest_route=\/wp\/v2\/pages\/36\/revisions\/116"}],"wp:attachment":[{"href":"https:\/\/pizzaioli.de\/index.php?rest_route=%2Fwp%2Fv2%2Fmedia&parent=36"}],"curies":[{"name":"wp","href":"https:\/\/api.w.org\/{rel}","templated":true}]}}