{"id":34,"date":"2018-04-09T10:43:52","date_gmt":"2018-04-09T08:43:52","guid":{"rendered":"https:\/\/pizzaioli.bw-media.gmbh\/?page_id=34"},"modified":"2018-04-12T09:34:13","modified_gmt":"2018-04-12T07:34:13","slug":"kontakt","status":"publish","type":"page","link":"https:\/\/pizzaioli.de\/?page_id=34","title":{"rendered":"Kontakt"},"content":{"rendered":"<h2>Kontakt<\/h2>\n<form id=\"fox_form_c120\" action=\"\/index.php\/kontakt#cid_120\" enctype=\"multipart\/form-data\" method=\"post\" name=\"fox_form_c120\">\nTholeyerstrasse 24<br \/>\n66646 Marpingen-Alsweiler<br \/>\nTel. 06853\/9144099<\/p>\n<p>F\u00fcllen Sie bitte dieses Formular aus, wenn Sie weitere Informationen ben\u00f6tigen. Sie werden schnellstm\u00f6glich benachrichtig.<br \/>\nBitte f\u00fcllen Sie <b>alle Pflichtfelder<\/b> aus.<br \/>\n<\/form>\n<p>\t\t\t\t<img loading=\"lazy\" decoding=\"async\" src=\"https:\/\/pizzaioli.bw-media.gmbh\/wp-content\/uploads\/2018\/04\/IMG_8820.jpg\" alt=\"IMG_8820\" itemprop=\"image\" height=\"800\" width=\"533\"  \/><\/p>\n","protected":false},"excerpt":{"rendered":"<p>Kontakt Tholeyerstrasse 24 66646 Marpingen-Alsweiler Tel. 06853\/9144099 F\u00fcllen Sie bitte dieses Formular aus, wenn Sie weitere Informationen ben\u00f6tigen. Sie werden schnellstm\u00f6glich benachrichtig. Bitte f\u00fcllen Sie alle Pflichtfelder aus.<\/p>\n","protected":false},"author":2,"featured_media":0,"parent":0,"menu_order":0,"comment_status":"closed","ping_status":"closed","template":"","meta":{"footnotes":""},"class_list":["post-34","page","type-page","status-publish","hentry"],"_links":{"self":[{"href":"https:\/\/pizzaioli.de\/index.php?rest_route=\/wp\/v2\/pages\/34"}],"collection":[{"href":"https:\/\/pizzaioli.de\/index.php?rest_route=\/wp\/v2\/pages"}],"about":[{"href":"https:\/\/pizzaioli.de\/index.php?rest_route=\/wp\/v2\/types\/page"}],"author":[{"embeddable":true,"href":"https:\/\/pizzaioli.de\/index.php?rest_route=\/wp\/v2\/users\/2"}],"replies":[{"embeddable":true,"href":"https:\/\/pizzaioli.de\/index.php?rest_route=%2Fwp%2Fv2%2Fcomments&post=34"}],"version-history":[{"count":3,"href":"https:\/\/pizzaioli.de\/index.php?rest_route=\/wp\/v2\/pages\/34\/revisions"}],"predecessor-version":[{"id":120,"href":"https:\/\/pizzaioli.de\/index.php?rest_route=\/wp\/v2\/pages\/34\/revisions\/120"}],"wp:attachment":[{"href":"https:\/\/pizzaioli.de\/index.php?rest_route=%2Fwp%2Fv2%2Fmedia&parent=34"}],"curies":[{"name":"wp","href":"https:\/\/api.w.org\/{rel}","templated":true}]}}