{"id":28,"date":"2018-04-09T10:43:07","date_gmt":"2018-04-09T08:43:07","guid":{"rendered":"https:\/\/pizzaioli.bw-media.gmbh\/?page_id=28"},"modified":"2019-05-05T19:14:31","modified_gmt":"2019-05-05T17:14:31","slug":"pizza","status":"publish","type":"page","link":"https:\/\/pizzaioli.de\/?page_id=28","title":{"rendered":"Pizza"},"content":{"rendered":"\n\t\t\t\t<img loading=\"lazy\" decoding=\"async\" src=\"https:\/\/pizzaioli.de\/wp-content\/uploads\/2018\/04\/S_Pizza_1R_klein.jpg\" alt=\"S_Pizza_1R_klein\" itemprop=\"image\" height=\"242\" width=\"220\" title=\"S_Pizza_1R_klein\"  \/>\n\t\t\t\t<img loading=\"lazy\" decoding=\"async\" src=\"https:\/\/pizzaioli.de\/wp-content\/uploads\/2018\/04\/Pizza_1R-e1523274944558.jpg\" alt=\"Pizza_1R\" itemprop=\"image\" height=\"109\" width=\"233\" title=\"Pizza_1R\"  \/>\n\tAn unserem Steinofenstand sowie in unserem Pizzaioli-Express verarbeiten wir ausschlie\u00dflich typisch s\u00fcditalienischen Pizzateig ohne Hefe. Dabei handelt es sich um einen Weizensauerteig auf der Basis einer \u201eMadre\u201c.<br \/>\nDieser hochwertige und aufwendige Teig kann, in Verbindung mit einem guten Steinbackofen, besonders d\u00fcnn und kross verbacken werden. So entsteht eine Pizza mit extra knusprigem und au\u00dferordentlich krossem Boden.\nWer soviel Sorgfalt in den Teig legt, der achtet auch auf den Belag.<br \/>\nAuf unsere Pizza d\u00fcrfen nur ausgesuchte Produkte von italienischen Herstellern. Sonnengereifte Tomaten, luftgetrocknete Salami und kalt gepresstes Oliven\u00f6l geh\u00f6ren zu einer guten Pizza wie ein knuspriger Boden und ein erstklassiger K\u00e4se.\n<p>F\u00fcr unsere Steinofenpizzen verwenden wir nur, wie es in S\u00fcditalien \u00fcblich ist, feinste Mozzarella. F\u00fcr die individuelle Nachw\u00fcrze bieten wir selbst angesetzte \u00d6le, wie beispielsweise Knoblauch-, Chili- oder Kr\u00e4uter-\u00d6le an.<\/p>\n\t\t\t\t<img decoding=\"async\" src=\"https:\/\/pizzaioli.bw-media.gmbh\/wp-content\/uploads\/2018\/04\/\u00d6le_1R.jpg\" alt=\"\u00d6le_1R\" itemprop=\"image\" title=\"\u00d6le_1R\"  \/>\n","protected":false},"excerpt":{"rendered":"<p>An unserem Steinofenstand sowie in unserem Pizzaioli-Express verarbeiten wir ausschlie\u00dflich typisch s\u00fcditalienischen Pizzateig ohne Hefe. Dabei handelt es sich um einen Weizensauerteig auf der Basis einer \u201eMadre\u201c. Dieser hochwertige und aufwendige Teig kann, in Verbindung mit einem guten Steinbackofen, besonders d\u00fcnn und kross verbacken werden. So entsteht eine Pizza mit extra knusprigem und au\u00dferordentlich krossem&hellip;<\/p>\n","protected":false},"author":2,"featured_media":0,"parent":0,"menu_order":0,"comment_status":"closed","ping_status":"closed","template":"","meta":{"footnotes":""},"class_list":["post-28","page","type-page","status-publish","hentry"],"_links":{"self":[{"href":"https:\/\/pizzaioli.de\/index.php?rest_route=\/wp\/v2\/pages\/28"}],"collection":[{"href":"https:\/\/pizzaioli.de\/index.php?rest_route=\/wp\/v2\/pages"}],"about":[{"href":"https:\/\/pizzaioli.de\/index.php?rest_route=\/wp\/v2\/types\/page"}],"author":[{"embeddable":true,"href":"https:\/\/pizzaioli.de\/index.php?rest_route=\/wp\/v2\/users\/2"}],"replies":[{"embeddable":true,"href":"https:\/\/pizzaioli.de\/index.php?rest_route=%2Fwp%2Fv2%2Fcomments&post=28"}],"version-history":[{"count":5,"href":"https:\/\/pizzaioli.de\/index.php?rest_route=\/wp\/v2\/pages\/28\/revisions"}],"predecessor-version":[{"id":163,"href":"https:\/\/pizzaioli.de\/index.php?rest_route=\/wp\/v2\/pages\/28\/revisions\/163"}],"wp:attachment":[{"href":"https:\/\/pizzaioli.de\/index.php?rest_route=%2Fwp%2Fv2%2Fmedia&parent=28"}],"curies":[{"name":"wp","href":"https:\/\/api.w.org\/{rel}","templated":true}]}}